{"id":3115,"date":"2022-04-01T10:24:19","date_gmt":"2022-04-01T10:24:19","guid":{"rendered":"https:\/\/105lab.com\/?page_id=3115"},"modified":"2022-05-03T10:47:00","modified_gmt":"2022-05-03T10:47:00","slug":"cookie-policy","status":"publish","type":"page","link":"https:\/\/105lab.com\/pt\/cookie-policy\/","title":{"rendered":"Cookie Policy"},"content":{"rendered":"<div data-elementor-type=\"wp-page\" data-elementor-id=\"3115\" class=\"elementor elementor-3115\" data-elementor-settings=\"[]\">\n\t\t\t\t\t\t<div class=\"elementor-inner\">\n\t\t\t\t\t\t\t<div class=\"elementor-section-wrap\">\n\t\t\t\t\t\t\t<section class=\"elementor-section elementor-top-section elementor-element elementor-element-a93997e elementor-section-boxed elementor-section-height-default elementor-section-height-default\" data-id=\"a93997e\" data-element_type=\"section\" data-settings=\"{&quot;background_background&quot;:&quot;classic&quot;}\">\n\t\t\t\t\t\t\t<div class=\"elementor-background-overlay\"><\/div>\n\t\t\t\t\t\t\t<div class=\"elementor-container elementor-column-gap-default\">\n\t\t\t\t\t\t\t<div class=\"elementor-row\">\n\t\t\t\t\t<div class=\"elementor-column elementor-col-33 elementor-top-column elementor-element elementor-element-6d455fa\" data-id=\"6d455fa\" data-element_type=\"column\">\n\t\t\t<div class=\"elementor-column-wrap\">\n\t\t\t\t\t\t\t<div class=\"elementor-widget-wrap\">\n\t\t\t\t\t\t\t\t<\/div>\n\t\t\t\t\t<\/div>\n\t\t<\/div>\n\t\t\t\t<div class=\"elementor-column elementor-col-33 elementor-top-column elementor-element elementor-element-8776188\" data-id=\"8776188\" data-element_type=\"column\">\n\t\t\t<div class=\"elementor-column-wrap elementor-element-populated\">\n\t\t\t\t\t\t\t<div class=\"elementor-widget-wrap\">\n\t\t\t\t\t\t<div class=\"elementor-element elementor-element-0481d7d elementor-widget elementor-widget-heading\" data-id=\"0481d7d\" data-element_type=\"widget\" data-widget_type=\"heading.default\">\n\t\t\t\t<div class=\"elementor-widget-container\">\n\t\t\t<h1 class=\"elementor-heading-title elementor-size-default\">pol\u00edtica de cookies<\/h1>\t\t<\/div>\n\t\t\t\t<\/div>\n\t\t\t\t\t\t<\/div>\n\t\t\t\t\t<\/div>\n\t\t<\/div>\n\t\t\t\t<div class=\"elementor-column elementor-col-33 elementor-top-column elementor-element elementor-element-0e61cb1\" data-id=\"0e61cb1\" data-element_type=\"column\">\n\t\t\t<div class=\"elementor-column-wrap\">\n\t\t\t\t\t\t\t<div class=\"elementor-widget-wrap\">\n\t\t\t\t\t\t\t\t<\/div>\n\t\t\t\t\t<\/div>\n\t\t<\/div>\n\t\t\t\t\t\t\t\t<\/div>\n\t\t\t\t\t<\/div>\n\t\t<\/section>\n\t\t\t\t<section class=\"elementor-section elementor-top-section elementor-element elementor-element-c42264b elementor-section-boxed elementor-section-height-default elementor-section-height-default\" data-id=\"c42264b\" data-element_type=\"section\">\n\t\t\t\t\t\t<div class=\"elementor-container elementor-column-gap-default\">\n\t\t\t\t\t\t\t<div class=\"elementor-row\">\n\t\t\t\t\t<div class=\"elementor-column elementor-col-100 elementor-top-column elementor-element elementor-element-353ee51\" data-id=\"353ee51\" data-element_type=\"column\">\n\t\t\t<div class=\"elementor-column-wrap elementor-element-populated\">\n\t\t\t\t\t\t\t<div class=\"elementor-widget-wrap\">\n\t\t\t\t\t\t<div class=\"elementor-element elementor-element-16916dc elementor-widget elementor-widget-spacer\" data-id=\"16916dc\" data-element_type=\"widget\" data-widget_type=\"spacer.default\">\n\t\t\t\t<div class=\"elementor-widget-container\">\n\t\t\t\t\t<div class=\"elementor-spacer\">\n\t\t\t<div class=\"elementor-spacer-inner\"><\/div>\n\t\t<\/div>\n\t\t\t\t<\/div>\n\t\t\t\t<\/div>\n\t\t\t\t<div class=\"elementor-element elementor-element-fec5a04 elementor-widget elementor-widget-heading\" data-id=\"fec5a04\" data-element_type=\"widget\" data-widget_type=\"heading.default\">\n\t\t\t\t<div class=\"elementor-widget-container\">\n\t\t\t<h4 class=\"elementor-heading-title elementor-size-default\">O que s\u00e3o cookies e como funcionam?<\/h4>\t\t<\/div>\n\t\t\t\t<\/div>\n\t\t\t\t<div class=\"elementor-element elementor-element-ce3987d elementor-widget elementor-widget-text-editor\" data-id=\"ce3987d\" data-element_type=\"widget\" data-widget_type=\"text-editor.default\">\n\t\t\t\t<div class=\"elementor-widget-container\">\n\t\t\t\t\t<div class=\"elementor-text-editor elementor-clearfix\"><p>Cookies s\u00e3o pequenos peda\u00e7os de c\u00f3digo armazenado no seu dispositivo. Os cookies n\u00e3o cont\u00eam nenhuma informa\u00e7\u00e3o pessoal e n\u00e3o s\u00e3o funcionais, ou seja, n\u00e3o s\u00e3o programas mas simples ficheiros de texto. A primeira vez que visitar os nossos sites, \u00e9 feito o download de um cookie para o seu dispositivo. Nas vezes seguintes os nossos sites reconhecem esse cookie e \u201csabe\u201d que visitou o nosso site anteriormente. O papel dos cookies \u00e9 ben\u00e9fico para os utilizadores pois melhora a experi\u00eancia dos mesmos em sites frequentemente visitados.<\/p><\/div>\n\t\t\t\t<\/div>\n\t\t\t\t<\/div>\n\t\t\t\t<div class=\"elementor-element elementor-element-f8ae15a elementor-widget elementor-widget-heading\" data-id=\"f8ae15a\" data-element_type=\"widget\" data-widget_type=\"heading.default\">\n\t\t\t\t<div class=\"elementor-widget-container\">\n\t\t\t<h4 class=\"elementor-heading-title elementor-size-default\">Para que usamos os cookies?<\/h4>\t\t<\/div>\n\t\t\t\t<\/div>\n\t\t\t\t<div class=\"elementor-element elementor-element-8a80b96 elementor-widget elementor-widget-text-editor\" data-id=\"8a80b96\" data-element_type=\"widget\" data-widget_type=\"text-editor.default\">\n\t\t\t\t<div class=\"elementor-widget-container\">\n\t\t\t\t\t<div class=\"elementor-text-editor elementor-clearfix\"><p>Os cookies permitem-nos melhorar o nosso site de forma a sabermos qual \u00e9 o numero de utilizadores \u00fanicos que nos visitam e quais as p\u00e1ginas visitadas. Isto permite-nos saber que conte\u00fado \u00e9 interessante para os nossos utilizadores. Com esses melhoramentos em mente usamos o google analytics, uma ferramenta de estat\u00edstica. A informa\u00e7\u00e3o recolhida neste processo \u00e9 completamente an\u00f3nima e serve apenas fun\u00e7\u00e3o estat\u00edstica.<\/p><\/div>\n\t\t\t\t<\/div>\n\t\t\t\t<\/div>\n\t\t\t\t<div class=\"elementor-element elementor-element-dd414a5 elementor-widget elementor-widget-heading\" data-id=\"dd414a5\" data-element_type=\"widget\" data-widget_type=\"heading.default\">\n\t\t\t\t<div class=\"elementor-widget-container\">\n\t\t\t<h4 class=\"elementor-heading-title elementor-size-default\">Como pode controlar os cookies?<\/h4>\t\t<\/div>\n\t\t\t\t<\/div>\n\t\t\t\t<div class=\"elementor-element elementor-element-26d3921 elementor-widget elementor-widget-text-editor\" data-id=\"26d3921\" data-element_type=\"widget\" data-widget_type=\"text-editor.default\">\n\t\t\t\t<div class=\"elementor-widget-container\">\n\t\t\t\t\t<div class=\"elementor-text-editor elementor-clearfix\"><p>Navegadores tais como internet explorer, firefox, google chrome e safari permitem que sejam alteradas as permiss\u00f5es de cookies de forma a evitar que sejam aceites cookies pelo seu dispositivo. No entanto tal restri\u00e7\u00e3o poder\u00e1 afetar a sua experi\u00eancia de utilizador. A sec\u00e7\u00e3o de \u201cajuda\u201d no seu navegador poder\u00e1 indicar-lhe os passos necess\u00e1rios para efetuar tal altera\u00e7\u00e3o.<\/p><\/div>\n\t\t\t\t<\/div>\n\t\t\t\t<\/div>\n\t\t\t\t<div class=\"elementor-element elementor-element-9d6f0a8 elementor-widget elementor-widget-spacer\" data-id=\"9d6f0a8\" data-element_type=\"widget\" data-widget_type=\"spacer.default\">\n\t\t\t\t<div class=\"elementor-widget-container\">\n\t\t\t\t\t<div class=\"elementor-spacer\">\n\t\t\t<div class=\"elementor-spacer-inner\"><\/div>\n\t\t<\/div>\n\t\t\t\t<\/div>\n\t\t\t\t<\/div>\n\t\t\t\t\t\t<\/div>\n\t\t\t\t\t<\/div>\n\t\t<\/div>\n\t\t\t\t\t\t\t\t<\/div>\n\t\t\t\t\t<\/div>\n\t\t<\/section>\n\t\t\t\t\t\t<\/div>\n\t\t\t\t\t\t<\/div>\n\t\t\t\t\t<\/div>","protected":false},"excerpt":{"rendered":"<p>cookie policy What are cookies and how do they work? Cookies are small pieces of code stored on your device. Cookies do not contain any personal information and are not functional, that is, they are not programs but simple text files. The first time you visit our websites, a cookie is downloaded to your device. &hellip;<\/p>\n<p class=\"read-more\"> <a class=\"\" href=\"https:\/\/105lab.com\/pt\/cookie-policy\/\"> <span class=\"screen-reader-text\">Cookie Policy<\/span> Read More &raquo;<\/a><\/p>","protected":false},"author":2,"featured_media":0,"parent":0,"menu_order":0,"comment_status":"closed","ping_status":"closed","template":"","meta":[],"_links":{"self":[{"href":"https:\/\/105lab.com\/pt\/wp-json\/wp\/v2\/pages\/3115"}],"collection":[{"href":"https:\/\/105lab.com\/pt\/wp-json\/wp\/v2\/pages"}],"about":[{"href":"https:\/\/105lab.com\/pt\/wp-json\/wp\/v2\/types\/page"}],"author":[{"embeddable":true,"href":"https:\/\/105lab.com\/pt\/wp-json\/wp\/v2\/users\/2"}],"replies":[{"embeddable":true,"href":"https:\/\/105lab.com\/pt\/wp-json\/wp\/v2\/comments?post=3115"}],"version-history":[{"count":19,"href":"https:\/\/105lab.com\/pt\/wp-json\/wp\/v2\/pages\/3115\/revisions"}],"predecessor-version":[{"id":3223,"href":"https:\/\/105lab.com\/pt\/wp-json\/wp\/v2\/pages\/3115\/revisions\/3223"}],"wp:attachment":[{"href":"https:\/\/105lab.com\/pt\/wp-json\/wp\/v2\/media?parent=3115"}],"curies":[{"name":"wp","href":"https:\/\/api.w.org\/{rel}","templated":true}]}}