{"id":3056,"date":"2022-04-01T09:25:36","date_gmt":"2022-04-01T09:25:36","guid":{"rendered":"https:\/\/105lab.com\/?page_id=3056"},"modified":"2022-05-24T17:11:21","modified_gmt":"2022-05-24T17:11:21","slug":"retailers","status":"publish","type":"page","link":"https:\/\/105lab.com\/pt\/retailers\/","title":{"rendered":"Retailers"},"content":{"rendered":"<div data-elementor-type=\"wp-page\" data-elementor-id=\"3056\" class=\"elementor elementor-3056\" data-elementor-settings=\"[]\">\n\t\t\t\t\t\t<div class=\"elementor-inner\">\n\t\t\t\t\t\t\t<div class=\"elementor-section-wrap\">\n\t\t\t\t\t\t\t<section class=\"elementor-section elementor-top-section elementor-element elementor-element-c2a6b94 elementor-section-boxed elementor-section-height-default elementor-section-height-default\" data-id=\"c2a6b94\" data-element_type=\"section\" data-settings=\"{&quot;background_background&quot;:&quot;classic&quot;}\">\n\t\t\t\t\t\t\t<div class=\"elementor-background-overlay\"><\/div>\n\t\t\t\t\t\t\t<div class=\"elementor-container elementor-column-gap-default\">\n\t\t\t\t\t\t\t<div class=\"elementor-row\">\n\t\t\t\t\t<div class=\"elementor-column elementor-col-100 elementor-top-column elementor-element elementor-element-8f72c20\" data-id=\"8f72c20\" data-element_type=\"column\">\n\t\t\t<div class=\"elementor-column-wrap elementor-element-populated\">\n\t\t\t\t\t\t\t<div class=\"elementor-widget-wrap\">\n\t\t\t\t\t\t<div class=\"elementor-element elementor-element-2a2821d elementor-widget elementor-widget-heading\" data-id=\"2a2821d\" data-element_type=\"widget\" data-widget_type=\"heading.default\">\n\t\t\t\t<div class=\"elementor-widget-container\">\n\t\t\t<h1 class=\"elementor-heading-title elementor-size-default\">revendedores<\/h1>\t\t<\/div>\n\t\t\t\t<\/div>\n\t\t\t\t\t\t<\/div>\n\t\t\t\t\t<\/div>\n\t\t<\/div>\n\t\t\t\t\t\t\t\t<\/div>\n\t\t\t\t\t<\/div>\n\t\t<\/section>\n\t\t\t\t<section class=\"elementor-section elementor-top-section elementor-element elementor-element-8005988 elementor-section-boxed elementor-section-height-default elementor-section-height-default\" data-id=\"8005988\" data-element_type=\"section\" data-settings=\"{&quot;background_background&quot;:&quot;classic&quot;}\">\n\t\t\t\t\t\t<div class=\"elementor-container elementor-column-gap-no\">\n\t\t\t\t\t\t\t<div class=\"elementor-row\">\n\t\t\t\t\t<div class=\"elementor-column elementor-col-50 elementor-top-column elementor-element elementor-element-ef2965f\" data-id=\"ef2965f\" data-element_type=\"column\">\n\t\t\t<div class=\"elementor-column-wrap elementor-element-populated\">\n\t\t\t\t\t\t\t<div class=\"elementor-widget-wrap\">\n\t\t\t\t\t\t<div class=\"elementor-element elementor-element-07cb725 elementor-widget elementor-widget-heading\" data-id=\"07cb725\" data-element_type=\"widget\" data-widget_type=\"heading.default\">\n\t\t\t\t<div class=\"elementor-widget-container\">\n\t\t\t<h2 class=\"elementor-heading-title elementor-size-default\">Revenda e parcerias comerciais<span style=\"font-size: 2.5rem; font-weight: 700;\"><\/span><br><\/h2>\t\t<\/div>\n\t\t\t\t<\/div>\n\t\t\t\t<div class=\"elementor-element elementor-element-a4d4d2c elementor-widget-mobile__width-initial elementor-widget elementor-widget-image\" data-id=\"a4d4d2c\" data-element_type=\"widget\" data-widget_type=\"image.default\">\n\t\t\t\t<div class=\"elementor-widget-container\">\n\t\t\t\t\t<div class=\"elementor-image\">\n\t\t\t\t\t\t\t\t\t\t<img width=\"2560\" height=\"1707\" src=\"https:\/\/105lab.com\/wp-content\/uploads\/2022\/02\/pexels-cottonbro-6739693-scaled.jpg\" class=\"attachment-full size-full\" alt=\"\" loading=\"lazy\" srcset=\"https:\/\/105lab.com\/wp-content\/uploads\/2022\/02\/pexels-cottonbro-6739693-scaled.jpg 2560w, https:\/\/105lab.com\/wp-content\/uploads\/2022\/02\/pexels-cottonbro-6739693-scaled-300x200.jpg 300w, https:\/\/105lab.com\/wp-content\/uploads\/2022\/02\/pexels-cottonbro-6739693-1024x683.jpg 1024w, https:\/\/105lab.com\/wp-content\/uploads\/2022\/02\/pexels-cottonbro-6739693-768x512.jpg 768w, https:\/\/105lab.com\/wp-content\/uploads\/2022\/02\/pexels-cottonbro-6739693-1536x1024.jpg 1536w, https:\/\/105lab.com\/wp-content\/uploads\/2022\/02\/pexels-cottonbro-6739693-2048x1365.jpg 2048w, https:\/\/105lab.com\/wp-content\/uploads\/2022\/02\/pexels-cottonbro-6739693-16x12.jpg 16w\" sizes=\"(max-width: 2560px) 100vw, 2560px\" \/>\t\t\t\t\t\t\t\t\t\t\t<\/div>\n\t\t\t\t<\/div>\n\t\t\t\t<\/div>\n\t\t\t\t<div class=\"elementor-element elementor-element-8eda645 elementor-widget-mobile__width-initial elementor-widget elementor-widget-image\" data-id=\"8eda645\" data-element_type=\"widget\" data-widget_type=\"image.default\">\n\t\t\t\t<div class=\"elementor-widget-container\">\n\t\t\t\t\t<div class=\"elementor-image\">\n\t\t\t\t\t\t\t\t\t\t<img width=\"500\" height=\"667\" src=\"https:\/\/105lab.com\/wp-content\/uploads\/2022\/02\/pexels-photo-5313676.jpeg\" class=\"attachment-full size-full\" alt=\"\" loading=\"lazy\" srcset=\"https:\/\/105lab.com\/wp-content\/uploads\/2022\/02\/pexels-photo-5313676.jpeg 500w, https:\/\/105lab.com\/wp-content\/uploads\/2022\/02\/pexels-photo-5313676-300x400.jpeg 300w, https:\/\/105lab.com\/wp-content\/uploads\/2022\/02\/pexels-photo-5313676-225x300.jpeg 225w, https:\/\/105lab.com\/wp-content\/uploads\/2022\/02\/pexels-photo-5313676-9x12.jpeg 9w\" sizes=\"(max-width: 500px) 100vw, 500px\" \/>\t\t\t\t\t\t\t\t\t\t\t<\/div>\n\t\t\t\t<\/div>\n\t\t\t\t<\/div>\n\t\t\t\t\t\t<\/div>\n\t\t\t\t\t<\/div>\n\t\t<\/div>\n\t\t\t\t<div class=\"elementor-column elementor-col-50 elementor-top-column elementor-element elementor-element-3ad0d62\" data-id=\"3ad0d62\" data-element_type=\"column\">\n\t\t\t<div class=\"elementor-column-wrap elementor-element-populated\">\n\t\t\t\t\t\t\t<div class=\"elementor-widget-wrap\">\n\t\t\t\t\t\t<div class=\"elementor-element elementor-element-add80e3 elementor-widget elementor-widget-image\" data-id=\"add80e3\" data-element_type=\"widget\" data-widget_type=\"image.default\">\n\t\t\t\t<div class=\"elementor-widget-container\">\n\t\t\t\t\t<div class=\"elementor-image\">\n\t\t\t\t\t\t\t\t\t\t<img width=\"500\" height=\"750\" src=\"https:\/\/105lab.com\/wp-content\/uploads\/2022\/02\/pexels-photo-4195598.jpeg\" class=\"attachment-full size-full\" alt=\"\" loading=\"lazy\" srcset=\"https:\/\/105lab.com\/wp-content\/uploads\/2022\/02\/pexels-photo-4195598.jpeg 500w, https:\/\/105lab.com\/wp-content\/uploads\/2022\/02\/pexels-photo-4195598-300x450.jpeg 300w, https:\/\/105lab.com\/wp-content\/uploads\/2022\/02\/pexels-photo-4195598-200x300.jpeg 200w, https:\/\/105lab.com\/wp-content\/uploads\/2022\/02\/pexels-photo-4195598-8x12.jpeg 8w\" sizes=\"(max-width: 500px) 100vw, 500px\" \/>\t\t\t\t\t\t\t\t\t\t\t<\/div>\n\t\t\t\t<\/div>\n\t\t\t\t<\/div>\n\t\t\t\t<section class=\"elementor-section elementor-inner-section elementor-element elementor-element-e7c22ee elementor-section-boxed elementor-section-height-default elementor-section-height-default\" data-id=\"e7c22ee\" data-element_type=\"section\">\n\t\t\t\t\t\t<div class=\"elementor-container elementor-column-gap-no\">\n\t\t\t\t\t\t\t<div class=\"elementor-row\">\n\t\t\t\t\t<div class=\"elementor-column elementor-col-100 elementor-inner-column elementor-element elementor-element-004b229\" data-id=\"004b229\" data-element_type=\"column\">\n\t\t\t<div class=\"elementor-column-wrap elementor-element-populated\">\n\t\t\t\t\t\t\t<div class=\"elementor-widget-wrap\">\n\t\t\t\t\t\t<div class=\"elementor-element elementor-element-32236da elementor-widget elementor-widget-text-editor\" data-id=\"32236da\" data-element_type=\"widget\" data-widget_type=\"text-editor.default\">\n\t\t\t\t<div class=\"elementor-widget-container\">\n\t\t\t\t\t<div class=\"elementor-text-editor elementor-clearfix\"><p>Se tem um caf\u00e9 ou restaurante, um espa\u00e7o comercial ou se tem interesse em representar a 105 Ceramic LAB como revendedor, por favor contacte-nos.<\/p><\/div>\n\t\t\t\t<\/div>\n\t\t\t\t<\/div>\n\t\t\t\t<div class=\"elementor-element elementor-element-b596cf0 elementor-widget elementor-widget-text-editor\" data-id=\"b596cf0\" data-element_type=\"widget\" data-widget_type=\"text-editor.default\">\n\t\t\t\t<div class=\"elementor-widget-container\">\n\t\t\t\t\t<div class=\"elementor-text-editor elementor-clearfix\"><p>Partilhe connosco a localiza\u00e7\u00e3o da sua loja, bem como o site e qualquer outra informa\u00e7\u00e3o adicional que considere relevante.<\/p><p class=\"\">Podemos fornecer informa\u00e7\u00f5es sobre pre\u00e7os, encomendas e prazos de entrega.<\/p><\/div>\n\t\t\t\t<\/div>\n\t\t\t\t<\/div>\n\t\t\t\t<div class=\"elementor-element elementor-element-e8b0be3 elementor-widget elementor-widget-text-editor\" data-id=\"e8b0be3\" data-element_type=\"widget\" data-widget_type=\"text-editor.default\">\n\t\t\t\t<div class=\"elementor-widget-container\">\n\t\t\t\t\t<div class=\"elementor-text-editor elementor-clearfix\"><p>International stockists welcome.<\/p><\/div>\n\t\t\t\t<\/div>\n\t\t\t\t<\/div>\n\t\t\t\t\t\t<\/div>\n\t\t\t\t\t<\/div>\n\t\t<\/div>\n\t\t\t\t\t\t\t\t<\/div>\n\t\t\t\t\t<\/div>\n\t\t<\/section>\n\t\t\t\t\t\t<\/div>\n\t\t\t\t\t<\/div>\n\t\t<\/div>\n\t\t\t\t\t\t\t\t<\/div>\n\t\t\t\t\t<\/div>\n\t\t<\/section>\n\t\t\t\t<section class=\"elementor-section elementor-top-section elementor-element elementor-element-e10c442 elementor-section-full_width elementor-section-height-default elementor-section-height-default\" data-id=\"e10c442\" data-element_type=\"section\" data-settings=\"{&quot;background_background&quot;:&quot;classic&quot;}\">\n\t\t\t\t\t\t\t<div class=\"elementor-background-overlay\"><\/div>\n\t\t\t\t\t\t\t<div class=\"elementor-container elementor-column-gap-default\">\n\t\t\t\t\t\t\t<div class=\"elementor-row\">\n\t\t\t\t\t<div class=\"elementor-column elementor-col-100 elementor-top-column elementor-element elementor-element-1806b299\" data-id=\"1806b299\" data-element_type=\"column\">\n\t\t\t<div class=\"elementor-column-wrap elementor-element-populated\">\n\t\t\t\t\t\t\t<div class=\"elementor-widget-wrap\">\n\t\t\t\t\t\t<div class=\"elementor-element elementor-element-34aefbff elementor-widget elementor-widget-heading\" data-id=\"34aefbff\" data-element_type=\"widget\" data-widget_type=\"heading.default\">\n\t\t\t\t<div class=\"elementor-widget-container\">\n\t\t\t<h5 class=\"elementor-heading-title elementor-size-medium\">Quer ser<br>nosso parceiro?<\/h5>\t\t<\/div>\n\t\t\t\t<\/div>\n\t\t\t\t<div class=\"elementor-element elementor-element-1a3c837a elementor-mobile-align-center elementor-widget elementor-widget-button\" data-id=\"1a3c837a\" data-element_type=\"widget\" data-widget_type=\"button.default\">\n\t\t\t\t<div class=\"elementor-widget-container\">\n\t\t\t\t\t<div class=\"elementor-button-wrapper\">\n\t\t\t<a href=\"https:\/\/105lab.com\/pt\/contact-us\/\" class=\"elementor-button-link elementor-button elementor-size-sm\" role=\"button\">\n\t\t\t\t\t\t<span class=\"elementor-button-content-wrapper\">\n\t\t\t\t\t\t<span class=\"elementor-button-icon elementor-align-icon-right\">\n\t\t\t\t<i aria-hidden=\"true\" class=\"fas fa-angle-right\"><\/i>\t\t\t<\/span>\n\t\t\t\t\t\t<span class=\"elementor-button-text\">Contacte-nos<\/span>\n\t\t<\/span>\n\t\t\t\t\t<\/a>\n\t\t<\/div>\n\t\t\t\t<\/div>\n\t\t\t\t<\/div>\n\t\t\t\t\t\t<\/div>\n\t\t\t\t\t<\/div>\n\t\t<\/div>\n\t\t\t\t\t\t\t\t<\/div>\n\t\t\t\t\t<\/div>\n\t\t<\/section>\n\t\t\t\t<section class=\"elementor-section elementor-top-section elementor-element elementor-element-cd532e5 elementor-section-boxed elementor-section-height-default elementor-section-height-default\" data-id=\"cd532e5\" data-element_type=\"section\">\n\t\t\t\t\t\t<div class=\"elementor-container elementor-column-gap-default\">\n\t\t\t\t\t\t\t<div class=\"elementor-row\">\n\t\t\t\t\t<div class=\"elementor-column elementor-col-100 elementor-top-column elementor-element elementor-element-8275117\" data-id=\"8275117\" data-element_type=\"column\">\n\t\t\t<div class=\"elementor-column-wrap elementor-element-populated\">\n\t\t\t\t\t\t\t<div class=\"elementor-widget-wrap\">\n\t\t\t\t\t\t<div class=\"elementor-element elementor-element-ba6c97e elementor-widget elementor-widget-spacer\" data-id=\"ba6c97e\" data-element_type=\"widget\" data-widget_type=\"spacer.default\">\n\t\t\t\t<div class=\"elementor-widget-container\">\n\t\t\t\t\t<div class=\"elementor-spacer\">\n\t\t\t<div class=\"elementor-spacer-inner\"><\/div>\n\t\t<\/div>\n\t\t\t\t<\/div>\n\t\t\t\t<\/div>\n\t\t\t\t\t\t<\/div>\n\t\t\t\t\t<\/div>\n\t\t<\/div>\n\t\t\t\t\t\t\t\t<\/div>\n\t\t\t\t\t<\/div>\n\t\t<\/section>\n\t\t\t\t\t\t<\/div>\n\t\t\t\t\t\t<\/div>\n\t\t\t\t\t<\/div>","protected":false},"excerpt":{"rendered":"<p>retailers Wholesale &amp; trade partnerships If you have a cafe or restaurant, a retail space or if you are interesting in representing 105 Ceramic LAB as a reseller, please contact us. Please share with us where your shop is located, as well as a link to a website and any other additional information. We can &hellip;<\/p>\n<p class=\"read-more\"> <a class=\"\" href=\"https:\/\/105lab.com\/pt\/retailers\/\"> <span class=\"screen-reader-text\">Retailers<\/span> Read More &raquo;<\/a><\/p>","protected":false},"author":2,"featured_media":0,"parent":0,"menu_order":0,"comment_status":"closed","ping_status":"closed","template":"","meta":[],"_links":{"self":[{"href":"https:\/\/105lab.com\/pt\/wp-json\/wp\/v2\/pages\/3056"}],"collection":[{"href":"https:\/\/105lab.com\/pt\/wp-json\/wp\/v2\/pages"}],"about":[{"href":"https:\/\/105lab.com\/pt\/wp-json\/wp\/v2\/types\/page"}],"author":[{"embeddable":true,"href":"https:\/\/105lab.com\/pt\/wp-json\/wp\/v2\/users\/2"}],"replies":[{"embeddable":true,"href":"https:\/\/105lab.com\/pt\/wp-json\/wp\/v2\/comments?post=3056"}],"version-history":[{"count":50,"href":"https:\/\/105lab.com\/pt\/wp-json\/wp\/v2\/pages\/3056\/revisions"}],"predecessor-version":[{"id":3706,"href":"https:\/\/105lab.com\/pt\/wp-json\/wp\/v2\/pages\/3056\/revisions\/3706"}],"wp:attachment":[{"href":"https:\/\/105lab.com\/pt\/wp-json\/wp\/v2\/media?parent=3056"}],"curies":[{"name":"wp","href":"https:\/\/api.w.org\/{rel}","templated":true}]}}