{"id":3024,"date":"2022-03-29T16:23:52","date_gmt":"2022-03-29T16:23:52","guid":{"rendered":"https:\/\/105lab.com\/?page_id=3024"},"modified":"2022-05-04T14:30:48","modified_gmt":"2022-05-04T14:30:48","slug":"terms-and-conditions","status":"publish","type":"page","link":"https:\/\/105lab.com\/pt\/terms-and-conditions\/","title":{"rendered":"Terms &#038; Conditions"},"content":{"rendered":"<div data-elementor-type=\"wp-page\" data-elementor-id=\"3024\" class=\"elementor elementor-3024\" data-elementor-settings=\"[]\">\n\t\t\t\t\t\t<div class=\"elementor-inner\">\n\t\t\t\t\t\t\t<div class=\"elementor-section-wrap\">\n\t\t\t\t\t\t\t<section class=\"elementor-section elementor-top-section elementor-element elementor-element-916b300 elementor-section-boxed elementor-section-height-default elementor-section-height-default\" data-id=\"916b300\" data-element_type=\"section\" data-settings=\"{&quot;background_background&quot;:&quot;classic&quot;}\">\n\t\t\t\t\t\t\t<div class=\"elementor-background-overlay\"><\/div>\n\t\t\t\t\t\t\t<div class=\"elementor-container elementor-column-gap-default\">\n\t\t\t\t\t\t\t<div class=\"elementor-row\">\n\t\t\t\t\t<div class=\"elementor-column elementor-col-100 elementor-top-column elementor-element elementor-element-456a9ca\" data-id=\"456a9ca\" data-element_type=\"column\">\n\t\t\t<div class=\"elementor-column-wrap elementor-element-populated\">\n\t\t\t\t\t\t\t<div class=\"elementor-widget-wrap\">\n\t\t\t\t\t\t<div class=\"elementor-element elementor-element-c187260 elementor-widget elementor-widget-heading\" data-id=\"c187260\" data-element_type=\"widget\" data-widget_type=\"heading.default\">\n\t\t\t\t<div class=\"elementor-widget-container\">\n\t\t\t<h1 class=\"elementor-heading-title elementor-size-default\">TERMS &amp; Conditions<\/h1>\t\t<\/div>\n\t\t\t\t<\/div>\n\t\t\t\t\t\t<\/div>\n\t\t\t\t\t<\/div>\n\t\t<\/div>\n\t\t\t\t\t\t\t\t<\/div>\n\t\t\t\t\t<\/div>\n\t\t<\/section>\n\t\t\t\t<section class=\"elementor-section elementor-top-section elementor-element elementor-element-4531297 elementor-section-boxed elementor-section-height-default elementor-section-height-default\" data-id=\"4531297\" data-element_type=\"section\">\n\t\t\t\t\t\t<div class=\"elementor-container elementor-column-gap-default\">\n\t\t\t\t\t\t\t<div class=\"elementor-row\">\n\t\t\t\t\t<div class=\"elementor-column elementor-col-100 elementor-top-column elementor-element elementor-element-5ca011d\" data-id=\"5ca011d\" data-element_type=\"column\">\n\t\t\t<div class=\"elementor-column-wrap elementor-element-populated\">\n\t\t\t\t\t\t\t<div class=\"elementor-widget-wrap\">\n\t\t\t\t\t\t<div class=\"elementor-element elementor-element-e440e7f elementor-widget elementor-widget-spacer\" data-id=\"e440e7f\" data-element_type=\"widget\" data-widget_type=\"spacer.default\">\n\t\t\t\t<div class=\"elementor-widget-container\">\n\t\t\t\t\t<div class=\"elementor-spacer\">\n\t\t\t<div class=\"elementor-spacer-inner\"><\/div>\n\t\t<\/div>\n\t\t\t\t<\/div>\n\t\t\t\t<\/div>\n\t\t\t\t<div class=\"elementor-element elementor-element-d9a6e6c elementor-widget elementor-widget-heading\" data-id=\"d9a6e6c\" data-element_type=\"widget\" data-widget_type=\"heading.default\">\n\t\t\t\t<div class=\"elementor-widget-container\">\n\t\t\t<h4 class=\"elementor-heading-title elementor-size-default\">Introdu\u00e7\u00e3o<\/h4>\t\t<\/div>\n\t\t\t\t<\/div>\n\t\t\t\t<div class=\"elementor-element elementor-element-b7a2231 elementor-widget elementor-widget-text-editor\" data-id=\"b7a2231\" data-element_type=\"widget\" data-widget_type=\"text-editor.default\">\n\t\t\t\t<div class=\"elementor-widget-container\">\n\t\t\t\t\t<div class=\"elementor-text-editor elementor-clearfix\"><p>Por favor leia estes Termos &amp; Condi\u00e7\u00f5es atentamente antes de encomendar algum produto da loja 105 LAB. Ao comprar algum produto na nossa loja online est\u00e1 a concordar e aceitar as condi\u00e7\u00f5es gerais descritas.<\/p><p>\u00a0<\/p><p>\u00a0<\/p><\/div>\n\t\t\t\t<\/div>\n\t\t\t\t<\/div>\n\t\t\t\t<div class=\"elementor-element elementor-element-32ab78b elementor-widget elementor-widget-heading\" data-id=\"32ab78b\" data-element_type=\"widget\" data-widget_type=\"heading.default\">\n\t\t\t\t<div class=\"elementor-widget-container\">\n\t\t\t<h4 class=\"elementor-heading-title elementor-size-default\">Utiliza\u00e7\u00e3o do Site<\/h4>\t\t<\/div>\n\t\t\t\t<\/div>\n\t\t\t\t<div class=\"elementor-element elementor-element-7645c9e elementor-widget elementor-widget-text-editor\" data-id=\"7645c9e\" data-element_type=\"widget\" data-widget_type=\"text-editor.default\">\n\t\t\t\t<div class=\"elementor-widget-container\">\n\t\t\t\t\t<div class=\"elementor-text-editor elementor-clearfix\"><p>Os cookies permitem-nos melhorar o nosso site de forma a sabermos qual \u00e9 o numero de utilizadores \u00fanicos que nos visitam e quais as p\u00e1ginas visitadas. Isto permite-nos saber que conte\u00fado \u00e9 interessante para os nossos utilizadores. Com esses melhoramentos em mente usamos o google analytics, uma ferramenta de estat\u00edstica. A informa\u00e7\u00e3o recolhida neste processo \u00e9 completamente an\u00f3nima e serve apenas fun\u00e7\u00e3o estat\u00edstica.<\/p><\/div>\n\t\t\t\t<\/div>\n\t\t\t\t<\/div>\n\t\t\t\t<div class=\"elementor-element elementor-element-a212fdc elementor-widget elementor-widget-heading\" data-id=\"a212fdc\" data-element_type=\"widget\" data-widget_type=\"heading.default\">\n\t\t\t\t<div class=\"elementor-widget-container\">\n\t\t\t<h4 class=\"elementor-heading-title elementor-size-default\">Privacidade<\/h4>\t\t<\/div>\n\t\t\t\t<\/div>\n\t\t\t\t<div class=\"elementor-element elementor-element-083075b elementor-widget elementor-widget-text-editor\" data-id=\"083075b\" data-element_type=\"widget\" data-widget_type=\"text-editor.default\">\n\t\t\t\t<div class=\"elementor-widget-container\">\n\t\t\t\t\t<div class=\"elementor-text-editor elementor-clearfix\"><p>Navegadores tais como internet explorer, firefox, google chrome e safari permitem que sejam alteradas as permiss\u00f5es de cookies de forma a evitar que sejam aceites cookies pelo seu dispositivo. No entanto tal restri\u00e7\u00e3o poder\u00e1 afetar a sua experi\u00eancia de utilizador. A sec\u00e7\u00e3o de \u201cajuda\u201d no seu navegador poder\u00e1 indicar-lhe os passos necess\u00e1rios para efetuar tal altera\u00e7\u00e3o.<\/p><\/div>\n\t\t\t\t<\/div>\n\t\t\t\t<\/div>\n\t\t\t\t<div class=\"elementor-element elementor-element-cfe706e elementor-widget elementor-widget-heading\" data-id=\"cfe706e\" data-element_type=\"widget\" data-widget_type=\"heading.default\">\n\t\t\t\t<div class=\"elementor-widget-container\">\n\t\t\t<h4 class=\"elementor-heading-title elementor-size-default\">Propriedade Intelectual<\/h4>\t\t<\/div>\n\t\t\t\t<\/div>\n\t\t\t\t<div class=\"elementor-element elementor-element-04d25c0 elementor-widget elementor-widget-heading\" data-id=\"04d25c0\" data-element_type=\"widget\" data-widget_type=\"heading.default\">\n\t\t\t\t<div class=\"elementor-widget-container\">\n\t\t\t<h4 class=\"elementor-heading-title elementor-size-default\">Responsabilidade<\/h4>\t\t<\/div>\n\t\t\t\t<\/div>\n\t\t\t\t<div class=\"elementor-element elementor-element-47aab97 elementor-widget elementor-widget-text-editor\" data-id=\"47aab97\" data-element_type=\"widget\" data-widget_type=\"text-editor.default\">\n\t\t\t\t<div class=\"elementor-widget-container\">\n\t\t\t\t\t<div class=\"elementor-text-editor elementor-clearfix\"><p>As informa\u00e7\u00f5es apresentadas no Site foram cuidadosamente verificadas antes de serem publicadas. No entanto, n\u00e3o \u00e9 de excluir a possibilidade de conterem erros ou imprecis\u00f5es, pelo que o Utilizador dever\u00e1 consider\u00e1-las meramente indicativas.<\/p><p>A 105 CERAMIC LAB n\u00e3o ser\u00e1 respons\u00e1vel por erros nos conte\u00fados publicados, por irregularidades ou falhas no funcionamento do Site ou por quaisquer danos que resultem do uso indevido ou da impossibilidade de utiliza\u00e7\u00e3o do Site.<\/p><\/div>\n\t\t\t\t<\/div>\n\t\t\t\t<\/div>\n\t\t\t\t<div class=\"elementor-element elementor-element-dfd1d69 elementor-widget elementor-widget-heading\" data-id=\"dfd1d69\" data-element_type=\"widget\" data-widget_type=\"heading.default\">\n\t\t\t\t<div class=\"elementor-widget-container\">\n\t\t\t<h4 class=\"elementor-heading-title elementor-size-default\">Liga\u00e7\u00f5es a p\u00e1ginas de terceiros<\/h4>\t\t<\/div>\n\t\t\t\t<\/div>\n\t\t\t\t<div class=\"elementor-element elementor-element-8f46247 elementor-widget elementor-widget-text-editor\" data-id=\"8f46247\" data-element_type=\"widget\" data-widget_type=\"text-editor.default\">\n\t\t\t\t<div class=\"elementor-widget-container\">\n\t\t\t\t\t<div class=\"elementor-text-editor elementor-clearfix\"><p>O website, microsites e plataformas sociais da 105 CERAMIC LAB podem conter links para outros websites e endere\u00e7os de email de empresas n\u00e3o pertencentes \u00e0 105 CERAMIC LAB. A presente pol\u00edtica de privacidade n\u00e3o se aplica a esses websites e endere\u00e7os de email.<br \/>Se o Utilizador aceder a um link dispon\u00edvel no website, microsites e plataformas sociais da 105 CERAMIC LAB para outro website e fornecer dados pessoais nesse site, o processamento dos dados estar\u00e1 sujeito \u00e0 declara\u00e7\u00e3o de privacidade desse website.<\/p><\/div>\n\t\t\t\t<\/div>\n\t\t\t\t<\/div>\n\t\t\t\t<div class=\"elementor-element elementor-element-339926f elementor-widget elementor-widget-heading\" data-id=\"339926f\" data-element_type=\"widget\" data-widget_type=\"heading.default\">\n\t\t\t\t<div class=\"elementor-widget-container\">\n\t\t\t<h4 class=\"elementor-heading-title elementor-size-default\">Lei Aplic\u00e1vel<\/h4>\t\t<\/div>\n\t\t\t\t<\/div>\n\t\t\t\t<div class=\"elementor-element elementor-element-3b6fb3e elementor-widget elementor-widget-text-editor\" data-id=\"3b6fb3e\" data-element_type=\"widget\" data-widget_type=\"text-editor.default\">\n\t\t\t\t<div class=\"elementor-widget-container\">\n\t\t\t\t\t<div class=\"elementor-text-editor elementor-clearfix\"><p>Estes Termos de Uso do Site encontram-se sujeitos \u00e0 lei portuguesa. Para dirimir todas as quest\u00f5es e lit\u00edgios que possam surgir consultar a p\u00e1gina relativa a rela\u00e7\u00e3o de conflitos.<\/p><\/div>\n\t\t\t\t<\/div>\n\t\t\t\t<\/div>\n\t\t\t\t<div class=\"elementor-element elementor-element-dbf06fc elementor-widget elementor-widget-heading\" data-id=\"dbf06fc\" data-element_type=\"widget\" data-widget_type=\"heading.default\">\n\t\t\t\t<div class=\"elementor-widget-container\">\n\t\t\t<h4 class=\"elementor-heading-title elementor-size-default\">Contacto<\/h4>\t\t<\/div>\n\t\t\t\t<\/div>\n\t\t\t\t<div class=\"elementor-element elementor-element-f16a1f7 elementor-widget elementor-widget-text-editor\" data-id=\"f16a1f7\" data-element_type=\"widget\" data-widget_type=\"text-editor.default\">\n\t\t\t\t<div class=\"elementor-widget-container\">\n\t\t\t\t\t<div class=\"elementor-text-editor elementor-clearfix\"><p>Em caso de d\u00favida ou reclama\u00e7\u00e3o sobre este Site, o Utilizador poder\u00e1 contactar a 105 CERAMIC LAB atrav\u00e9s do e-mail comunicacao@105lab.com.<\/p><\/div>\n\t\t\t\t<\/div>\n\t\t\t\t<\/div>\n\t\t\t\t<div class=\"elementor-element elementor-element-3c318f2 elementor-widget elementor-widget-spacer\" data-id=\"3c318f2\" data-element_type=\"widget\" data-widget_type=\"spacer.default\">\n\t\t\t\t<div class=\"elementor-widget-container\">\n\t\t\t\t\t<div class=\"elementor-spacer\">\n\t\t\t<div class=\"elementor-spacer-inner\"><\/div>\n\t\t<\/div>\n\t\t\t\t<\/div>\n\t\t\t\t<\/div>\n\t\t\t\t<div class=\"elementor-element elementor-element-167e64d elementor-widget elementor-widget-text-editor\" data-id=\"167e64d\" data-element_type=\"widget\" data-widget_type=\"text-editor.default\">\n\t\t\t\t<div class=\"elementor-widget-container\">\n\t\t\t\t\t<div class=\"elementor-text-editor elementor-clearfix\"><p>https:\/\/marianapoppe.com\/<\/p><p>\u00a0<\/p><p>https:\/\/www.heathceramics.com\/pages\/terms-of-service#terms-of-service&#8211;1-binding-effect<\/p><\/div>\n\t\t\t\t<\/div>\n\t\t\t\t<\/div>\n\t\t\t\t\t\t<\/div>\n\t\t\t\t\t<\/div>\n\t\t<\/div>\n\t\t\t\t\t\t\t\t<\/div>\n\t\t\t\t\t<\/div>\n\t\t<\/section>\n\t\t\t\t<section class=\"elementor-section elementor-top-section elementor-element elementor-element-95569c0 elementor-section-boxed elementor-section-height-default elementor-section-height-default\" data-id=\"95569c0\" data-element_type=\"section\">\n\t\t\t\t\t\t<div class=\"elementor-container elementor-column-gap-default\">\n\t\t\t\t\t\t\t<div class=\"elementor-row\">\n\t\t\t\t\t<div class=\"elementor-column elementor-col-100 elementor-top-column elementor-element elementor-element-2669d0b\" data-id=\"2669d0b\" data-element_type=\"column\">\n\t\t\t<div class=\"elementor-column-wrap elementor-element-populated\">\n\t\t\t\t\t\t\t<div class=\"elementor-widget-wrap\">\n\t\t\t\t\t\t<div class=\"elementor-element elementor-element-e967b8b elementor-widget elementor-widget-text-editor\" data-id=\"e967b8b\" data-element_type=\"widget\" data-widget_type=\"text-editor.default\">\n\t\t\t\t<div class=\"elementor-widget-container\">\n\t\t\t\t\t<div class=\"elementor-text-editor elementor-clearfix\"><p>No Return, No Refund Policy<\/p><p>As we are working with a very fragile and delicate material we don&#8217;t do return and refund. Please choose carefully and keep this in mind when placing your order :~)<\/p><p>N\u00e3o aceite uma caixa estragada da empresa de entregas.<\/p><p>We hope you understand our position and we hope you&#8217;ll have a lot of satisfaction buying with us !<\/p><\/div>\n\t\t\t\t<\/div>\n\t\t\t\t<\/div>\n\t\t\t\t\t\t<\/div>\n\t\t\t\t\t<\/div>\n\t\t<\/div>\n\t\t\t\t\t\t\t\t<\/div>\n\t\t\t\t\t<\/div>\n\t\t<\/section>\n\t\t\t\t<section class=\"elementor-section elementor-top-section elementor-element elementor-element-f17256a elementor-section-boxed elementor-section-height-default elementor-section-height-default\" data-id=\"f17256a\" data-element_type=\"section\">\n\t\t\t\t\t\t<div class=\"elementor-container elementor-column-gap-default\">\n\t\t\t\t\t\t\t<div class=\"elementor-row\">\n\t\t\t\t\t<div class=\"elementor-column elementor-col-100 elementor-top-column elementor-element elementor-element-2de45f2\" data-id=\"2de45f2\" data-element_type=\"column\">\n\t\t\t<div class=\"elementor-column-wrap elementor-element-populated\">\n\t\t\t\t\t\t\t<div class=\"elementor-widget-wrap\">\n\t\t\t\t\t\t<div class=\"elementor-element elementor-element-3976b5c elementor-widget elementor-widget-text-editor\" data-id=\"3976b5c\" data-element_type=\"widget\" data-widget_type=\"text-editor.default\">\n\t\t\t\t<div class=\"elementor-widget-container\">\n\t\t\t\t\t<div class=\"elementor-text-editor elementor-clearfix\"><div class=\"column-md-6\"><p>\u00a0confirmar a tua encomenda. Todos os pre\u00e7os incluem IVA mas est\u00e3o sujeitos a custos de transporte.<\/p><\/div><div class=\"column-md-6\"><p><strong>Devolu\u00e7\u00f5es<\/strong><\/p><p>No caso de receberes uma encomenda incompleta, ou algum produto danificado, contacta-nos por favor via email para ghome@ghome.pt<\/p><p>Ser\u00e1s reembolsado nas seguinte situa\u00e7\u00f5es:<\/p><p>\u2013 Se nos devolveres a tua encomenda no per\u00edodo de 14 dias ap\u00f3s teres recebido a mesma.<br \/>\u2013\u00a0Se os produtos nos forem devolvidos em perfeitas condi\u00e7\u00f5es.<\/p><p>A Ghome n\u00e3o aceita devolu\u00e7\u00f5es se os produtos apresentarem sinais de uso. Nestes casos a encomenda ser-te-\u00e1 novamente entregue. No caso de pedidos de devolu\u00e7\u00e3o validados, o reembolso ser\u00e1 feito para a tua conta excluindo os custos de transporte. A Ghome n\u00e3o reembolsar\u00e1 custos de transporte, e os custos de transporte associados \u00e0 devolu\u00e7\u00e3o ficar\u00e3o a teu cargo. Assegura-te que nos envias os produtos devidamente embalados. A responsabilidade deste transporte fica do teu lado. A Ghome n\u00e3o se responsabiliza por produtos perdidos ou danificados durante o transporte de devolu\u00e7\u00e3o.<\/p><p>A Ghome n\u00e3o aceita a devolu\u00e7\u00e3o de produtos personalizados.<\/p><p>Lamentamos, mas a Ghome n\u00e3o efectua trocas de produtos.<\/p><\/div><\/div>\n\t\t\t\t<\/div>\n\t\t\t\t<\/div>\n\t\t\t\t\t\t<\/div>\n\t\t\t\t\t<\/div>\n\t\t<\/div>\n\t\t\t\t\t\t\t\t<\/div>\n\t\t\t\t\t<\/div>\n\t\t<\/section>\n\t\t\t\t<section class=\"elementor-section elementor-top-section elementor-element elementor-element-4a3ea7f elementor-section-boxed elementor-section-height-default elementor-section-height-default\" data-id=\"4a3ea7f\" data-element_type=\"section\">\n\t\t\t\t\t\t<div class=\"elementor-container elementor-column-gap-default\">\n\t\t\t\t\t\t\t<div class=\"elementor-row\">\n\t\t\t\t\t<div class=\"elementor-column elementor-col-100 elementor-top-column elementor-element elementor-element-c280493\" data-id=\"c280493\" data-element_type=\"column\">\n\t\t\t<div class=\"elementor-column-wrap elementor-element-populated\">\n\t\t\t\t\t\t\t<div class=\"elementor-widget-wrap\">\n\t\t\t\t\t\t<div class=\"elementor-element elementor-element-18c0bf2 elementor-widget elementor-widget-text-editor\" data-id=\"18c0bf2\" data-element_type=\"widget\" data-widget_type=\"text-editor.default\">\n\t\t\t\t<div class=\"elementor-widget-container\">\n\t\t\t\t\t<div class=\"elementor-text-editor elementor-clearfix\"><p class=\"\">Para sua seguran\u00e7a e conveni\u00eancia, por favor leia os nossos termos e condi\u00e7\u00f5es.<br \/>Todos os pre\u00e7os da nossa loja online incluem IVA \u00e0 taxa legal em vigor, e podem sofrer altera\u00e7\u00f5es sem aviso pr\u00e9vio.<br \/><strong>ENCOMENDAS<\/strong><br \/>Dada a natureza costumiz\u00e1vel dos nossos produtos, todas as compras levam usualmente 6 a 8 semanas a serem produzidas.<\/p><p class=\"\"><strong>PAGAMENTOS<\/strong><br \/>O pagamento poder\u00e1 ser feito por PayPal ou cart\u00e3o de cr\u00e9dito.<\/p><p class=\"\"><strong>ENVIOS<\/strong><br \/>Os custos de envio variam de acordo com a localiza\u00e7\u00e3o e o peso da encomenda, caso o seu destino n\u00e3o esteja dispon\u00edvel por favor contacte-nos por email.<br \/>Os pedidos s\u00e3o enviados por transportadora e poder\u00e1 seguir o seu pedido com o n\u00famero de rastreamento inclu\u00eddo na sua confirma\u00e7\u00e3o de envio, que receber\u00e1 por e-mail assim que o seu pedido for despachado.<br \/>N\u00e3o nos responsabilizamos por quaisquer atrasos causados pelos processos aduaneiros no destino.<br \/>Caso haja atrasos na transportadora, n\u00e3o nos podemos responsabilizar pelos mesmo.<br \/>Em caso de danos aquando a recep\u00e7\u00e3o da sua encomenda a mesma dever\u00e1 ser devolvida \u00e0 transportadora no mesmo momento da entrega e pedimos que nos informe do sucedido por email num prazo m\u00e1ximo de 48h, como tal aconselhamos que seja o pr\u00f3prio a receb\u00ea-la.<br \/><strong>DEVOLU\u00c7\u00d5ES E CANCELAMENTOS<\/strong><br \/>Devo \u00e0 natureza personalizavel dos nossos produtos e tendo em conta que cada encomenda \u00e9 \u00fanica, n\u00e3o aceitamos devolu\u00e7\u00f5es, exceptuando produtos com defeito. Apenas s\u00e3o aceites cancelamentos num prazo de 48 horas ap\u00f3s pagamento.<\/p><\/div>\n\t\t\t\t<\/div>\n\t\t\t\t<\/div>\n\t\t\t\t\t\t<\/div>\n\t\t\t\t\t<\/div>\n\t\t<\/div>\n\t\t\t\t\t\t\t\t<\/div>\n\t\t\t\t\t<\/div>\n\t\t<\/section>\n\t\t\t\t<section class=\"elementor-section elementor-top-section elementor-element elementor-element-42bbf62 elementor-section-boxed elementor-section-height-default elementor-section-height-default\" data-id=\"42bbf62\" data-element_type=\"section\">\n\t\t\t\t\t\t<div class=\"elementor-container elementor-column-gap-default\">\n\t\t\t\t\t\t\t<div class=\"elementor-row\">\n\t\t\t\t\t<div class=\"elementor-column elementor-col-100 elementor-top-column elementor-element elementor-element-fdef4be\" data-id=\"fdef4be\" data-element_type=\"column\">\n\t\t\t<div class=\"elementor-column-wrap elementor-element-populated\">\n\t\t\t\t\t\t\t<div class=\"elementor-widget-wrap\">\n\t\t\t\t\t\t<div class=\"elementor-element elementor-element-38fa850 elementor-widget elementor-widget-text-editor\" data-id=\"38fa850\" data-element_type=\"widget\" data-widget_type=\"text-editor.default\">\n\t\t\t\t<div class=\"elementor-widget-container\">\n\t\t\t\t\t<div class=\"elementor-text-editor elementor-clearfix\"><div id=\"comp-jn0pcjj9\" class=\"_1Q9if\" data-testid=\"richTextElement\"><h2 class=\"font_2\">Termos e Condi\u00e7\u00f5es<\/h2><\/div><div id=\"comp-jn0pcjjz\" class=\"_1Q9if\" data-testid=\"richTextElement\"><p class=\"font_8\"><span class=\"wixGuard\">\u200b<\/span><\/p><p class=\"font_8\">Fazemos todos os esfor\u00e7os para mostrar os produtos na\u00a0sua verdadeira forma, com\u00a0cores, acabamentos e descri\u00e7\u00f5es representados com a maior precis\u00e3o poss\u00edvel. No entanto, devido \u00e0 natureza artesanal dos produtos apresentados, tenha em aten\u00e7\u00e3o que cada item ter\u00e1 pequenas varia\u00e7\u00f5es e cada um ser\u00e1 \u00fanico \u00e0 sua maneira.<\/p><p class=\"font_8\"><span class=\"wixGuard\">\u200b<\/span><\/p><p class=\"font_8\">Por favor\u00a0leia os nossos termos de ordem, pagamento e entrega:<\/p><p class=\"font_8\">\u00a0<\/p><p class=\"font_8\">&#8211; Pode haver altera\u00e7\u00f5es nos pre\u00e7os no site sem aviso pr\u00e9vio;<\/p><p class=\"font_8\">&#8211; Depois de fazer a sua encomenda, \u00a0receber\u00e1 um e-mail de confirma\u00e7\u00e3o com detalhes de pagamento;<\/p><p class=\"font_8\">&#8211; O\u00a0pagamento \u00e9 feito por\u00a0transfer\u00eancia banc\u00e1ria no momento da confirma\u00e7\u00e3o da encomenda;<\/p><p class=\"font_8\">&#8211; O seu pedido \u00e9 confirmado ap\u00f3s o envio de uma c\u00f3pia do pagamento por e-mail (em 48 horas);<\/p><p class=\"font_8\">&#8211; As pe\u00e7as que se encontram na &#8220;shop&#8221; ser\u00e3o enviados num prazo de at\u00e9 10 dias \u00fateis (caso contr\u00e1rio ser\u00e1 informado via e-mail);<\/p><p class=\"font_8\">&#8211; Pe\u00e7as pedidas fora da &#8220;shop&#8221; ter\u00e3o um prazo de entrega mediante disponibilidade (sendo informado no email de confirma\u00e7\u00e3o);<\/p><p class=\"font_8\">&#8211; Todas as encomendas s\u00e3o enviadas por correio registado via CTT Expresso;<\/p><p class=\"font_8\">&#8211; Os custos de envio variam de acordo com a localiza\u00e7\u00e3o e peso do pacote (pedido de or\u00e7amento internacional);<\/p><p class=\"font_8\">&#8211; Em caso de danos na recep\u00e7\u00e3o da encomenda, envie-nos um e-mail com a foto da pe\u00e7a no prazo de 2\u00a0dias \u00fateis;<\/p><p class=\"font_8\">&#8211; N\u00e3o aceitamos devolu\u00e7\u00f5es.<\/p><p class=\"font_8\"><span class=\"wixGuard\">\u200b<\/span><\/p><p class=\"font_8\">Obrigada por encomendar clementinAtelier<\/p><\/div><\/div>\n\t\t\t\t<\/div>\n\t\t\t\t<\/div>\n\t\t\t\t\t\t<\/div>\n\t\t\t\t\t<\/div>\n\t\t<\/div>\n\t\t\t\t\t\t\t\t<\/div>\n\t\t\t\t\t<\/div>\n\t\t<\/section>\n\t\t\t\t\t\t<\/div>\n\t\t\t\t\t\t<\/div>\n\t\t\t\t\t<\/div>","protected":false},"excerpt":{"rendered":"<p>TERMS &amp; Conditions Introdu\u00e7\u00e3o Por favor leia estes Termos &amp; Condi\u00e7\u00f5es atentamente antes de encomendar algum produto da loja 105 LAB. Ao comprar algum produto na nossa loja online est\u00e1 a concordar e aceitar as condi\u00e7\u00f5es gerais descritas. \u00a0 \u00a0 Utiliza\u00e7\u00e3o do Site Os cookies permitem-nos melhorar o nosso site de forma a sabermos qual &hellip;<\/p>\n<p class=\"read-more\"> <a class=\"\" href=\"https:\/\/105lab.com\/pt\/terms-and-conditions\/\"> <span class=\"screen-reader-text\">Terms &#038; Conditions<\/span> Read More &raquo;<\/a><\/p>","protected":false},"author":2,"featured_media":0,"parent":0,"menu_order":0,"comment_status":"closed","ping_status":"closed","template":"","meta":[],"_links":{"self":[{"href":"https:\/\/105lab.com\/pt\/wp-json\/wp\/v2\/pages\/3024"}],"collection":[{"href":"https:\/\/105lab.com\/pt\/wp-json\/wp\/v2\/pages"}],"about":[{"href":"https:\/\/105lab.com\/pt\/wp-json\/wp\/v2\/types\/page"}],"author":[{"embeddable":true,"href":"https:\/\/105lab.com\/pt\/wp-json\/wp\/v2\/users\/2"}],"replies":[{"embeddable":true,"href":"https:\/\/105lab.com\/pt\/wp-json\/wp\/v2\/comments?post=3024"}],"version-history":[{"count":32,"href":"https:\/\/105lab.com\/pt\/wp-json\/wp\/v2\/pages\/3024\/revisions"}],"predecessor-version":[{"id":3387,"href":"https:\/\/105lab.com\/pt\/wp-json\/wp\/v2\/pages\/3024\/revisions\/3387"}],"wp:attachment":[{"href":"https:\/\/105lab.com\/pt\/wp-json\/wp\/v2\/media?parent=3024"}],"curies":[{"name":"wp","href":"https:\/\/api.w.org\/{rel}","templated":true}]}}