{"id":2728,"date":"2022-03-21T16:28:31","date_gmt":"2022-03-21T16:28:31","guid":{"rendered":"https:\/\/105lab.com\/?page_id=2728"},"modified":"2022-05-04T16:00:14","modified_gmt":"2022-05-04T16:00:14","slug":"privacy-policy","status":"publish","type":"page","link":"https:\/\/105lab.com\/pt\/privacy-policy\/","title":{"rendered":"Privacy Policy"},"content":{"rendered":"<div data-elementor-type=\"wp-page\" data-elementor-id=\"2728\" class=\"elementor elementor-2728\" data-elementor-settings=\"[]\">\n\t\t\t\t\t\t<div class=\"elementor-inner\">\n\t\t\t\t\t\t\t<div class=\"elementor-section-wrap\">\n\t\t\t\t\t\t\t<section class=\"elementor-section elementor-top-section elementor-element elementor-element-bcf25e2 elementor-section-boxed elementor-section-height-default elementor-section-height-default\" data-id=\"bcf25e2\" data-element_type=\"section\" data-settings=\"{&quot;background_background&quot;:&quot;classic&quot;}\">\n\t\t\t\t\t\t\t<div class=\"elementor-background-overlay\"><\/div>\n\t\t\t\t\t\t\t<div class=\"elementor-container elementor-column-gap-default\">\n\t\t\t\t\t\t\t<div class=\"elementor-row\">\n\t\t\t\t\t<div class=\"elementor-column elementor-col-100 elementor-top-column elementor-element elementor-element-a47ee07\" data-id=\"a47ee07\" data-element_type=\"column\">\n\t\t\t<div class=\"elementor-column-wrap elementor-element-populated\">\n\t\t\t\t\t\t\t<div class=\"elementor-widget-wrap\">\n\t\t\t\t\t\t<div class=\"elementor-element elementor-element-b5917e6 elementor-widget elementor-widget-heading\" data-id=\"b5917e6\" data-element_type=\"widget\" data-widget_type=\"heading.default\">\n\t\t\t\t<div class=\"elementor-widget-container\">\n\t\t\t<h1 class=\"elementor-heading-title elementor-size-default\">pol\u00edtica de privacidade<\/h1>\t\t<\/div>\n\t\t\t\t<\/div>\n\t\t\t\t\t\t<\/div>\n\t\t\t\t\t<\/div>\n\t\t<\/div>\n\t\t\t\t\t\t\t\t<\/div>\n\t\t\t\t\t<\/div>\n\t\t<\/section>\n\t\t\t\t<section class=\"elementor-section elementor-top-section elementor-element elementor-element-6577a7c elementor-section-boxed elementor-section-height-default elementor-section-height-default\" data-id=\"6577a7c\" data-element_type=\"section\">\n\t\t\t\t\t\t<div class=\"elementor-container elementor-column-gap-default\">\n\t\t\t\t\t\t\t<div class=\"elementor-row\">\n\t\t\t\t\t<div class=\"elementor-column elementor-col-100 elementor-top-column elementor-element elementor-element-7ec5213\" data-id=\"7ec5213\" data-element_type=\"column\">\n\t\t\t<div class=\"elementor-column-wrap elementor-element-populated\">\n\t\t\t\t\t\t\t<div class=\"elementor-widget-wrap\">\n\t\t\t\t\t\t<div class=\"elementor-element elementor-element-6b4e32e elementor-widget elementor-widget-spacer\" data-id=\"6b4e32e\" data-element_type=\"widget\" data-widget_type=\"spacer.default\">\n\t\t\t\t<div class=\"elementor-widget-container\">\n\t\t\t\t\t<div class=\"elementor-spacer\">\n\t\t\t<div class=\"elementor-spacer-inner\"><\/div>\n\t\t<\/div>\n\t\t\t\t<\/div>\n\t\t\t\t<\/div>\n\t\t\t\t<div class=\"elementor-element elementor-element-1b6f9fd elementor-widget elementor-widget-text-editor\" data-id=\"1b6f9fd\" data-element_type=\"widget\" data-widget_type=\"text-editor.default\">\n\t\t\t\t<div class=\"elementor-widget-container\">\n\t\t\t\t\t<div class=\"elementor-text-editor elementor-clearfix\">A privacidade do utilizador \u00e9 importante para a empresa Azul Errante Produ\u00e7\u00e3o Artesanal Lda., \u00e0 frente referida como 105 CERAMIC LAB.\n<br>A 105 LAB compromete-se a garantir a confidencialidade e privacidade na recolha e tratamento dos dados dos seus Clientes e Utilizadores, cumprindo com as suas obriga\u00e7\u00f5es ao abrigo do <a href=\"https:\/\/www.sg.pcm.gov.pt\/sobre-nos\/regulamento-geral-de-prote%C3%A7%C3%A3o-de-dados.aspx\">Regulamento Geral sobre a Prote\u00e7\u00e3o de Dados<\/a>, tendo para esse efeito desenvolvido a presente Pol\u00edtica de Privacidade.<\/div>\n\t\t\t\t<\/div>\n\t\t\t\t<\/div>\n\t\t\t\t<div class=\"elementor-element elementor-element-eee8c82 elementor-widget elementor-widget-spacer\" data-id=\"eee8c82\" data-element_type=\"widget\" data-widget_type=\"spacer.default\">\n\t\t\t\t<div class=\"elementor-widget-container\">\n\t\t\t\t\t<div class=\"elementor-spacer\">\n\t\t\t<div class=\"elementor-spacer-inner\"><\/div>\n\t\t<\/div>\n\t\t\t\t<\/div>\n\t\t\t\t<\/div>\n\t\t\t\t<div class=\"elementor-element elementor-element-98d1851 elementor-widget elementor-widget-heading\" data-id=\"98d1851\" data-element_type=\"widget\" data-widget_type=\"heading.default\">\n\t\t\t\t<div class=\"elementor-widget-container\">\n\t\t\t<h4 class=\"elementor-heading-title elementor-size-default\">\u00c2mbito Geral<\/h4>\t\t<\/div>\n\t\t\t\t<\/div>\n\t\t\t\t<div class=\"elementor-element elementor-element-0dc2641 elementor-widget elementor-widget-text-editor\" data-id=\"0dc2641\" data-element_type=\"widget\" data-widget_type=\"text-editor.default\">\n\t\t\t\t<div class=\"elementor-widget-container\">\n\t\t\t\t\t<div class=\"elementor-text-editor elementor-clearfix\">A 105 CERAMIC LAB \u00e9 respons\u00e1vel por esta Pol\u00edtica de Privacidade. A presente abrange este website, assim como outros sites, microsites, formul\u00e1rios e documentos que mencionem a dita pol\u00edtica.\nNo \u00e2mbito desta Pol\u00edtica de Privacidade, a 105 CERAMIC LAB definiu como:\n<br>&#8211; Cliente: qualquer entidade que adquire os nossos produtos; e\n<br>&#8211; Utilizador: qualquer visitante deste website, assim como de outros sites e microsites que mencionem a dita pol\u00edtica.\n<br>A\u00a0105 CERAMIC LAB\u00a0reserva-se o direito de atualizar ou modificar a sua Pol\u00edtica de Privacidade a qualquer momento, nomeadamente, de forma a adapt\u00e1-la a altera\u00e7\u00f5es legislativas. O utilizador \u00e9 assim aconselhado a visitar esta p\u00e1gina regularmente.<\/div>\n\t\t\t\t<\/div>\n\t\t\t\t<\/div>\n\t\t\t\t<div class=\"elementor-element elementor-element-c99084a elementor-widget elementor-widget-spacer\" data-id=\"c99084a\" data-element_type=\"widget\" data-widget_type=\"spacer.default\">\n\t\t\t\t<div class=\"elementor-widget-container\">\n\t\t\t\t\t<div class=\"elementor-spacer\">\n\t\t\t<div class=\"elementor-spacer-inner\"><\/div>\n\t\t<\/div>\n\t\t\t\t<\/div>\n\t\t\t\t<\/div>\n\t\t\t\t<div class=\"elementor-element elementor-element-4c05e19 elementor-widget elementor-widget-heading\" data-id=\"4c05e19\" data-element_type=\"widget\" data-widget_type=\"heading.default\">\n\t\t\t\t<div class=\"elementor-widget-container\">\n\t\t\t<h4 class=\"elementor-heading-title elementor-size-default\">Consentimento<\/h4>\t\t<\/div>\n\t\t\t\t<\/div>\n\t\t\t\t<div class=\"elementor-element elementor-element-0a1df8b elementor-widget elementor-widget-text-editor\" data-id=\"0a1df8b\" data-element_type=\"widget\" data-widget_type=\"text-editor.default\">\n\t\t\t\t<div class=\"elementor-widget-container\">\n\t\t\t\t\t<div class=\"elementor-text-editor elementor-clearfix\">Ao utilizar este website, est\u00e1 a dar o seu consentimento para a recolha e utiliza\u00e7\u00e3o das informa\u00e7\u00f5es.\nA 105 CERAMIC LAB pode a qualquer momento modificar, adicionar ou eliminar qualquer uma das pol\u00edticas de privacidade do seu website (https:\/\/105lab.com) atrav\u00e9s da atualiza\u00e7\u00e3o do conte\u00fado desta p\u00e1gina.<\/div>\n\t\t\t\t<\/div>\n\t\t\t\t<\/div>\n\t\t\t\t<div class=\"elementor-element elementor-element-f918d44 elementor-widget elementor-widget-spacer\" data-id=\"f918d44\" data-element_type=\"widget\" data-widget_type=\"spacer.default\">\n\t\t\t\t<div class=\"elementor-widget-container\">\n\t\t\t\t\t<div class=\"elementor-spacer\">\n\t\t\t<div class=\"elementor-spacer-inner\"><\/div>\n\t\t<\/div>\n\t\t\t\t<\/div>\n\t\t\t\t<\/div>\n\t\t\t\t<div class=\"elementor-element elementor-element-57bc982 elementor-widget elementor-widget-heading\" data-id=\"57bc982\" data-element_type=\"widget\" data-widget_type=\"heading.default\">\n\t\t\t\t<div class=\"elementor-widget-container\">\n\t\t\t<h4 class=\"elementor-heading-title elementor-size-default\">Dados Recolhidos<\/h4>\t\t<\/div>\n\t\t\t\t<\/div>\n\t\t\t\t<div class=\"elementor-element elementor-element-335fc6b elementor-widget elementor-widget-text-editor\" data-id=\"335fc6b\" data-element_type=\"widget\" data-widget_type=\"text-editor.default\">\n\t\t\t\t<div class=\"elementor-widget-container\">\n\t\t\t\t\t<div class=\"elementor-text-editor elementor-clearfix\">A 105 CERAMIC LAB recolhe dados dos seus Clientes e Utilizadores, mediante submiss\u00e3o de formul\u00e1rios existentes para esse efeito, em formato digital e\/ou f\u00edsico.\nA 105 CERAMIC LAB \u00e9 a entidade respons\u00e1vel pela recolha e tratamento destes dados, decidindo as categorias dos dados recolhidos, qual o seu tratamento e as finalidades que dar\u00e1 aos mesmos.\nTodos os procedimentos realizados de modo automatizado e n\u00e3o automatizado que permitam a recolha, organiza\u00e7\u00e3o, armazenamento, modifica\u00e7\u00e3o e a transfer\u00eancia dos dados pessoais ser\u00e3o considerados como \u201ctratamento de dados pessoais\u201d.<\/div>\n\t\t\t\t<\/div>\n\t\t\t\t<\/div>\n\t\t\t\t<div class=\"elementor-element elementor-element-4294d15 elementor-widget elementor-widget-spacer\" data-id=\"4294d15\" data-element_type=\"widget\" data-widget_type=\"spacer.default\">\n\t\t\t\t<div class=\"elementor-widget-container\">\n\t\t\t\t\t<div class=\"elementor-spacer\">\n\t\t\t<div class=\"elementor-spacer-inner\"><\/div>\n\t\t<\/div>\n\t\t\t\t<\/div>\n\t\t\t\t<\/div>\n\t\t\t\t<div class=\"elementor-element elementor-element-66bd25a elementor-widget elementor-widget-heading\" data-id=\"66bd25a\" data-element_type=\"widget\" data-widget_type=\"heading.default\">\n\t\t\t\t<div class=\"elementor-widget-container\">\n\t\t\t<h4 class=\"elementor-heading-title elementor-size-default\">Utiliza\u00e7\u00e3o dos Dados<\/h4>\t\t<\/div>\n\t\t\t\t<\/div>\n\t\t\t\t<div class=\"elementor-element elementor-element-f48a04d elementor-widget elementor-widget-text-editor\" data-id=\"f48a04d\" data-element_type=\"widget\" data-widget_type=\"text-editor.default\">\n\t\t\t\t<div class=\"elementor-widget-container\">\n\t\t\t\t\t<div class=\"elementor-text-editor elementor-clearfix\">Os dados recolhidos pela 105 CERAMIC LAB destinam-se ao processo de comunica\u00e7\u00e3o com os Clientes e Utilizadores.<\/div>\n\t\t\t\t<\/div>\n\t\t\t\t<\/div>\n\t\t\t\t<div class=\"elementor-element elementor-element-cabf25a elementor-widget elementor-widget-spacer\" data-id=\"cabf25a\" data-element_type=\"widget\" data-widget_type=\"spacer.default\">\n\t\t\t\t<div class=\"elementor-widget-container\">\n\t\t\t\t\t<div class=\"elementor-spacer\">\n\t\t\t<div class=\"elementor-spacer-inner\"><\/div>\n\t\t<\/div>\n\t\t\t\t<\/div>\n\t\t\t\t<\/div>\n\t\t\t\t<div class=\"elementor-element elementor-element-84ff2e4 elementor-widget elementor-widget-heading\" data-id=\"84ff2e4\" data-element_type=\"widget\" data-widget_type=\"heading.default\">\n\t\t\t\t<div class=\"elementor-widget-container\">\n\t\t\t<h4 class=\"elementor-heading-title elementor-size-default\">Acesso aos Dados<\/h4>\t\t<\/div>\n\t\t\t\t<\/div>\n\t\t\t\t<div class=\"elementor-element elementor-element-db2c43b elementor-widget elementor-widget-text-editor\" data-id=\"db2c43b\" data-element_type=\"widget\" data-widget_type=\"text-editor.default\">\n\t\t\t\t<div class=\"elementor-widget-container\">\n\t\t\t\t\t<div class=\"elementor-text-editor elementor-clearfix\">A 105 CERAMIC LAB n\u00e3o divulga a terceiros quaisquer dados pessoais dos seus Clientes e Utilizadores, sem o seu consentimento, exceto (1) quando se tratam de empresas do Grupo, ou (2) quando tal seja necess\u00e1rio para que os colaboradores, funcion\u00e1rios, fornecedores ou parceiros comerciais da 105 CERAMIC LAB possam fornecer um produto ou servi\u00e7o ou executar uma fun\u00e7\u00e3o em nome da 105 CERAMIC LAB, ou (3) quando tal for exigido ou permitido por lei.\n<br>A 105 CERAMIC LAB adotar\u00e1 as precau\u00e7\u00f5es razo\u00e1veis para garantir que os seus funcion\u00e1rios ou colaboradores com acesso a dados pessoais recebam forma\u00e7\u00e3o adequada ao seu correto processamento, com respeito pela presente pol\u00edtica e pelas obriga\u00e7\u00f5es legais de prote\u00e7\u00e3o de dados. No caso de incumprimento, a 105 CERAMIC LAB aplicar\u00e1 san\u00e7\u00f5es disciplinares aos seus funcion\u00e1rios e colaboradores.\n<br>Sempre que a 105 CERAMIC LAB divulgar os dados pessoais do utilizador salvaguardar\u00e1 o cumprimento da Lei da Prote\u00e7\u00e3o de Dados Pessoais, nomeadamente atrav\u00e9s da previs\u00e3o de disposi\u00e7\u00f5es contratuais que garantam que o terceiro utiliza os dados recebidos somente para as finalidades especificadas, e em conformidade com os fins descritos nesta pol\u00edtica, e que faz uso de meios de seguran\u00e7a adequados, de forma a proteger os dados pessoais do utilizador contra tratamentos ilegais ou n\u00e3o autorizados bem como contra a sua perda acidental, destrui\u00e7\u00e3o ou outras a\u00e7\u00f5es danosas.<\/div>\n\t\t\t\t<\/div>\n\t\t\t\t<\/div>\n\t\t\t\t<div class=\"elementor-element elementor-element-e220afd elementor-widget elementor-widget-spacer\" data-id=\"e220afd\" data-element_type=\"widget\" data-widget_type=\"spacer.default\">\n\t\t\t\t<div class=\"elementor-widget-container\">\n\t\t\t\t\t<div class=\"elementor-spacer\">\n\t\t\t<div class=\"elementor-spacer-inner\"><\/div>\n\t\t<\/div>\n\t\t\t\t<\/div>\n\t\t\t\t<\/div>\n\t\t\t\t<div class=\"elementor-element elementor-element-35c9f41 elementor-widget elementor-widget-heading\" data-id=\"35c9f41\" data-element_type=\"widget\" data-widget_type=\"heading.default\">\n\t\t\t\t<div class=\"elementor-widget-container\">\n\t\t\t<h4 class=\"elementor-heading-title elementor-size-default\">Armazenamento dos Dados<\/h4>\t\t<\/div>\n\t\t\t\t<\/div>\n\t\t\t\t<div class=\"elementor-element elementor-element-b7cac2a elementor-widget elementor-widget-text-editor\" data-id=\"b7cac2a\" data-element_type=\"widget\" data-widget_type=\"text-editor.default\">\n\t\t\t\t<div class=\"elementor-widget-container\">\n\t\t\t\t\t<div class=\"elementor-text-editor elementor-clearfix\">A 105 CERAMIC LAB guarda os dados dos seus clientes e Utilizadores nos seus servidores localizados em Portugal. Estes servidores s\u00e3o protegidos e mantidos de acordo com standards elevados de seguran\u00e7a e por forma a respeitar as leis de privacidade aplic\u00e1veis.<\/div>\n\t\t\t\t<\/div>\n\t\t\t\t<\/div>\n\t\t\t\t<div class=\"elementor-element elementor-element-28bdda1 elementor-widget elementor-widget-spacer\" data-id=\"28bdda1\" data-element_type=\"widget\" data-widget_type=\"spacer.default\">\n\t\t\t\t<div class=\"elementor-widget-container\">\n\t\t\t\t\t<div class=\"elementor-spacer\">\n\t\t\t<div class=\"elementor-spacer-inner\"><\/div>\n\t\t<\/div>\n\t\t\t\t<\/div>\n\t\t\t\t<\/div>\n\t\t\t\t<div class=\"elementor-element elementor-element-c21896e elementor-widget elementor-widget-heading\" data-id=\"c21896e\" data-element_type=\"widget\" data-widget_type=\"heading.default\">\n\t\t\t\t<div class=\"elementor-widget-container\">\n\t\t\t<h4 class=\"elementor-heading-title elementor-size-default\">Tempo de Armazenamento dos Dados<\/h4>\t\t<\/div>\n\t\t\t\t<\/div>\n\t\t\t\t<div class=\"elementor-element elementor-element-8353dff elementor-widget elementor-widget-text-editor\" data-id=\"8353dff\" data-element_type=\"widget\" data-widget_type=\"text-editor.default\">\n\t\t\t\t<div class=\"elementor-widget-container\">\n\t\t\t\t\t<div class=\"elementor-text-editor elementor-clearfix\">O per\u00edodo de tempo de armazenamento e conserva\u00e7\u00e3o dos dados pessoais de Clientes e Utilizadores da\u00a0105 CERAMIC LAB\u00a0varia de acordo com a finalidade.\nOs dados pessoais dos Utilizadores do nosso website e microsites ser\u00e3o conservados at\u00e9 que os mesmos se mantenham ativos, sendo apagados com o fim desta utiliza\u00e7\u00e3o.\nOs dados dos Clientes e outros dados espec\u00edficos a conservar para cumprimento de obriga\u00e7\u00f5es legais da\u00a0105 CERAMIC LAB\u00a0poder\u00e3o estender-se por um per\u00edodo m\u00e1ximo de at\u00e9 10 anos (de acordo com o artigo 130\u00ba do C\u00f3digo do Imposto sobre o Rendimento das Pessoas Coletivas), findo o qual os mesmos ser\u00e3o eliminados.<\/div>\n\t\t\t\t<\/div>\n\t\t\t\t<\/div>\n\t\t\t\t<div class=\"elementor-element elementor-element-4968af0 elementor-widget elementor-widget-spacer\" data-id=\"4968af0\" data-element_type=\"widget\" data-widget_type=\"spacer.default\">\n\t\t\t\t<div class=\"elementor-widget-container\">\n\t\t\t\t\t<div class=\"elementor-spacer\">\n\t\t\t<div class=\"elementor-spacer-inner\"><\/div>\n\t\t<\/div>\n\t\t\t\t<\/div>\n\t\t\t\t<\/div>\n\t\t\t\t<div class=\"elementor-element elementor-element-8f7df01 elementor-widget elementor-widget-heading\" data-id=\"8f7df01\" data-element_type=\"widget\" data-widget_type=\"heading.default\">\n\t\t\t\t<div class=\"elementor-widget-container\">\n\t\t\t<h4 class=\"elementor-heading-title elementor-size-default\">Seguran\u00e7a dos Dados<\/h4>\t\t<\/div>\n\t\t\t\t<\/div>\n\t\t\t\t<div class=\"elementor-element elementor-element-2f89311 elementor-widget elementor-widget-text-editor\" data-id=\"2f89311\" data-element_type=\"widget\" data-widget_type=\"text-editor.default\">\n\t\t\t\t<div class=\"elementor-widget-container\">\n\t\t\t\t\t<div class=\"elementor-text-editor elementor-clearfix\">A\u00a0105 CERAMIC LAB\u00a0tomou as medidas t\u00e9cnicas e organizacionais necess\u00e1rias para proteger, de forma adequada, os seus dados relativamente a processamento e acesso n\u00e3o autorizado.\n<br>A\u00a0105 CERAMIC LAB\u00a0desenvolve todos os esfor\u00e7os razo\u00e1veis adequados para evitar a utiliza\u00e7\u00e3o n\u00e3o autorizada ou ilegal dos dados pessoais do utilizador, bem como a sua perda, destrui\u00e7\u00e3o ou danifica\u00e7\u00e3o. No entanto, a\u00a0105 CERAMIC LAB\u00a0n\u00e3o pode fornecer uma garantia absoluta relativamente aos dados do Utilizador. Sempre que exista uma fuga, perda ou viola\u00e7\u00e3o de dados pessoais que seja suscet\u00edvel de implicar um elevado risco para os direitos e liberdades dos seus Clientes e Utilizadores, a\u00a0105 CERAMIC LAB ir\u00e1:\u00a0Notificar, num espa\u00e7o de 72 horas ap\u00f3s ter tido conhecimento do ocorrido, as autoridades de controlo; Comunicar atempadamente a situa\u00e7\u00e3o ao(s) titular(es) dos dados afetados.\n<br>A\u00a0105 CERAMIC LAB\u00a0garante a seguran\u00e7a dos dados pessoais do utilizador atrav\u00e9s dos seguintes meios: (1) uso de encripta\u00e7\u00e3o com certificado em todas as comunica\u00e7\u00f5es do website, (2) uso de password para acesso ao website; e (3) limita\u00e7\u00e3o do acesso aos dados pessoais (por exemplo, acesso s\u00f3 aos funcion\u00e1rios ou trabalhadores da\u00a0105 CERAMIC LAB que necessitem de lhes aceder para os fins acima descritos).<\/div>\n\t\t\t\t<\/div>\n\t\t\t\t<\/div>\n\t\t\t\t<div class=\"elementor-element elementor-element-d1f7638 elementor-widget elementor-widget-spacer\" data-id=\"d1f7638\" data-element_type=\"widget\" data-widget_type=\"spacer.default\">\n\t\t\t\t<div class=\"elementor-widget-container\">\n\t\t\t\t\t<div class=\"elementor-spacer\">\n\t\t\t<div class=\"elementor-spacer-inner\"><\/div>\n\t\t<\/div>\n\t\t\t\t<\/div>\n\t\t\t\t<\/div>\n\t\t\t\t<div class=\"elementor-element elementor-element-a54e85d elementor-widget elementor-widget-heading\" data-id=\"a54e85d\" data-element_type=\"widget\" data-widget_type=\"heading.default\">\n\t\t\t\t<div class=\"elementor-widget-container\">\n\t\t\t<h4 class=\"elementor-heading-title elementor-size-default\">Links Externos<\/h4>\t\t<\/div>\n\t\t\t\t<\/div>\n\t\t\t\t<div class=\"elementor-element elementor-element-3337dba elementor-widget elementor-widget-text-editor\" data-id=\"3337dba\" data-element_type=\"widget\" data-widget_type=\"text-editor.default\">\n\t\t\t\t<div class=\"elementor-widget-container\">\n\t\t\t\t\t<div class=\"elementor-text-editor elementor-clearfix\">O website, microsites e plataformas sociais da\u00a0105 CERAMIC LAB\u00a0podem conter links para outros websites e endere\u00e7os de email de empresas n\u00e3o pertencentes \u00e0\u00a0105 CERAMIC LAB.\nA presente pol\u00edtica de privacidade n\u00e3o se aplica a esses websites e endere\u00e7os de email.\n<br>Se o Utilizador aceder a um link dispon\u00edvel no website, microsites e plataformas sociais da 105 CERAMIC LAB para outro website e fornecer dados pessoais nesse site, o processamento dos dados estar\u00e1 sujeito \u00e0 declara\u00e7\u00e3o de privacidade desse website.<\/div>\n\t\t\t\t<\/div>\n\t\t\t\t<\/div>\n\t\t\t\t<div class=\"elementor-element elementor-element-4958ea3 elementor-widget elementor-widget-spacer\" data-id=\"4958ea3\" data-element_type=\"widget\" data-widget_type=\"spacer.default\">\n\t\t\t\t<div class=\"elementor-widget-container\">\n\t\t\t\t\t<div class=\"elementor-spacer\">\n\t\t\t<div class=\"elementor-spacer-inner\"><\/div>\n\t\t<\/div>\n\t\t\t\t<\/div>\n\t\t\t\t<\/div>\n\t\t\t\t<div class=\"elementor-element elementor-element-25379b7 elementor-widget elementor-widget-heading\" data-id=\"25379b7\" data-element_type=\"widget\" data-widget_type=\"heading.default\">\n\t\t\t\t<div class=\"elementor-widget-container\">\n\t\t\t<h4 class=\"elementor-heading-title elementor-size-default\">Direitos do Utilizador<\/h4>\t\t<\/div>\n\t\t\t\t<\/div>\n\t\t\t\t<div class=\"elementor-element elementor-element-d043b41 elementor-widget elementor-widget-text-editor\" data-id=\"d043b41\" data-element_type=\"widget\" data-widget_type=\"text-editor.default\">\n\t\t\t\t<div class=\"elementor-widget-container\">\n\t\t\t\t\t<div class=\"elementor-text-editor elementor-clearfix\">De acordo com Lei da Prote\u00e7\u00e3o de Dados Pessoais, o utilizador tem direito a obter informa\u00e7\u00f5es sobre os seus dados pessoais.\n<br>Tem o direito de saber que dados pessoais foram processados pela 105 CERAMIC LAB, podendo tamb\u00e9m requerer \u00e0 mesma para corrigir, complementar, bloquear ou eliminar os dados total ou parcialmente no caso de se revelarem incompletos, incorretos ou irrelevantes para efeitos de processamento.\n<br>A atualiza\u00e7\u00e3o de dados dever\u00e1 ser comunicada pelo pr\u00f3prio utilizador atrav\u00e9s do formul\u00e1rio criado para o prop\u00f3sito ou atrav\u00e9s do email comunicacao@105lab.com.\nCaso deseje, a qualquer momento, deixar de fazer parte da base de dados 105 CERAMIC LAB poder\u00e1 exercer esse direito, contactando-nos atrav\u00e9s do email comunicacao@105lab.com.<\/div>\n\t\t\t\t<\/div>\n\t\t\t\t<\/div>\n\t\t\t\t<div class=\"elementor-element elementor-element-732f4ac elementor-widget elementor-widget-spacer\" data-id=\"732f4ac\" data-element_type=\"widget\" data-widget_type=\"spacer.default\">\n\t\t\t\t<div class=\"elementor-widget-container\">\n\t\t\t\t\t<div class=\"elementor-spacer\">\n\t\t\t<div class=\"elementor-spacer-inner\"><\/div>\n\t\t<\/div>\n\t\t\t\t<\/div>\n\t\t\t\t<\/div>\n\t\t\t\t<div class=\"elementor-element elementor-element-0c9b273 elementor-widget elementor-widget-spacer\" data-id=\"0c9b273\" data-element_type=\"widget\" data-widget_type=\"spacer.default\">\n\t\t\t\t<div class=\"elementor-widget-container\">\n\t\t\t\t\t<div class=\"elementor-spacer\">\n\t\t\t<div class=\"elementor-spacer-inner\"><\/div>\n\t\t<\/div>\n\t\t\t\t<\/div>\n\t\t\t\t<\/div>\n\t\t\t\t\t\t<\/div>\n\t\t\t\t\t<\/div>\n\t\t<\/div>\n\t\t\t\t\t\t\t\t<\/div>\n\t\t\t\t\t<\/div>\n\t\t<\/section>\n\t\t\t\t\t\t<\/div>\n\t\t\t\t\t\t<\/div>\n\t\t\t\t\t<\/div>","protected":false},"excerpt":{"rendered":"<p>privacy policy A privacidade do utilizador \u00e9 importante para a empresa Azul Errante Produ\u00e7\u00e3o Artesanal Lda., \u00e0 frente referida como 105 CERAMIC LAB. A 105 LAB compromete-se a garantir a confidencialidade e privacidade na recolha e tratamento dos dados dos seus Clientes e Utilizadores, cumprindo com as suas obriga\u00e7\u00f5es ao abrigo do Regulamento Geral sobre &hellip;<\/p>\n<p class=\"read-more\"> <a class=\"\" href=\"https:\/\/105lab.com\/pt\/privacy-policy\/\"> <span class=\"screen-reader-text\">Privacy Policy<\/span> Read More &raquo;<\/a><\/p>","protected":false},"author":2,"featured_media":0,"parent":0,"menu_order":0,"comment_status":"closed","ping_status":"closed","template":"","meta":[],"_links":{"self":[{"href":"https:\/\/105lab.com\/pt\/wp-json\/wp\/v2\/pages\/2728"}],"collection":[{"href":"https:\/\/105lab.com\/pt\/wp-json\/wp\/v2\/pages"}],"about":[{"href":"https:\/\/105lab.com\/pt\/wp-json\/wp\/v2\/types\/page"}],"author":[{"embeddable":true,"href":"https:\/\/105lab.com\/pt\/wp-json\/wp\/v2\/users\/2"}],"replies":[{"embeddable":true,"href":"https:\/\/105lab.com\/pt\/wp-json\/wp\/v2\/comments?post=2728"}],"version-history":[{"count":80,"href":"https:\/\/105lab.com\/pt\/wp-json\/wp\/v2\/pages\/2728\/revisions"}],"predecessor-version":[{"id":3391,"href":"https:\/\/105lab.com\/pt\/wp-json\/wp\/v2\/pages\/2728\/revisions\/3391"}],"wp:attachment":[{"href":"https:\/\/105lab.com\/pt\/wp-json\/wp\/v2\/media?parent=2728"}],"curies":[{"name":"wp","href":"https:\/\/api.w.org\/{rel}","templated":true}]}}